{"id":1839,"date":"2025-07-04T01:47:06","date_gmt":"2025-07-04T01:47:06","guid":{"rendered":"https:\/\/giaidieumuctu.net\/?page_id=1839"},"modified":"2025-07-04T01:47:51","modified_gmt":"2025-07-04T01:47:51","slug":"tung-ho-tin-mung","status":"publish","type":"page","link":"https:\/\/giaidieumuctu.net\/index.php\/tung-ho-tin-mung\/","title":{"rendered":"Tung H\u00f4 Tin M\u1eebng"},"content":{"rendered":"\t\t<div data-elementor-type=\"wp-page\" data-elementor-id=\"1839\" class=\"elementor elementor-1839\">\n\t\t\t\t<div class=\"elementor-element elementor-element-98b4227 e-flex e-con-boxed e-con e-parent\" data-id=\"98b4227\" data-element_type=\"container\">\n\t\t\t\t\t<div class=\"e-con-inner\">\n\t\t\t\t<div class=\"elementor-element elementor-element-614ff56 elementor-widget elementor-widget-co_content_table\" data-id=\"614ff56\" data-element_type=\"widget\" data-widget_type=\"co_content_table.default\">\n\t\t\t\t<div class=\"elementor-widget-container\">\n\t\t\t\t\t<div class=\"co-tabs-wrapper\"><div class=\"co-tabs-nav\"><hr class=\"co-tabs-divider\"><button class=\"co-tab-btn active\" data-tab=\"1858\">N\u0103m A<\/button><button class=\"co-tab-btn \" data-tab=\"1859\">N\u0103m B<\/button><button class=\"co-tab-btn \" data-tab=\"1860\">N\u0103m C<\/button><button class=\"co-tab-btn \" data-tab=\"1861\">L\u1ec5 Ri\u00eang<\/button><\/div><div class=\"co-tab-content\" id=\"tab-1858\" style=\"display:block\"><form class=\"co-content-filters\" onsubmit=\"return false\"><div class=\"co-filter-group\"><label>Ch\u1ee7 \u0111\u1ec1<\/label><input type=\"text\" class=\"co-filter-input\" data-col=\"0\" placeholder=\"T\u00ecm ch\u1ee7 \u0111\u1ec1\"><\/div><div class=\"co-filter-group\"><label>T\u1ef1a \u0111\u1ec1<\/label><input type=\"text\" class=\"co-filter-input\" data-col=\"1\" placeholder=\"T\u00ecm t\u1ef1a \u0111\u1ec1\"><\/div><div class=\"co-filter-group\"><label>T\u00e1c gi\u1ea3<\/label><input type=\"text\" class=\"co-filter-input\" data-col=\"3\" placeholder=\"T\u00ecm t\u00e1c gi\u1ea3\"><\/div><button type=\"button\" class=\"button co-filter-btn\">L\u1ecdc<\/button><\/form><table class=\"co-table\"><thead>\n                <tr>\n                    <th>Ch\u1ee7 \u0111\u1ec1<\/th>\n                    <th>T\u1ef1a \u0111\u1ec1<\/th>\n                    <th>Nh\u1ea1c<\/th>\n                    <th>T\u00e1c gi\u1ea3<\/th>\n                <\/tr>\n              <\/thead><tbody><\/tbody><\/table><\/div><div class=\"co-tab-content\" id=\"tab-1859\" style=\"display:none\"><form class=\"co-content-filters\" onsubmit=\"return false\"><div class=\"co-filter-group\"><label>Ch\u1ee7 \u0111\u1ec1<\/label><input type=\"text\" class=\"co-filter-input\" data-col=\"0\" placeholder=\"T\u00ecm ch\u1ee7 \u0111\u1ec1\"><\/div><div class=\"co-filter-group\"><label>T\u1ef1a \u0111\u1ec1<\/label><input type=\"text\" class=\"co-filter-input\" data-col=\"1\" placeholder=\"T\u00ecm t\u1ef1a \u0111\u1ec1\"><\/div><div class=\"co-filter-group\"><label>T\u00e1c gi\u1ea3<\/label><input type=\"text\" class=\"co-filter-input\" data-col=\"3\" placeholder=\"T\u00ecm t\u00e1c gi\u1ea3\"><\/div><button type=\"button\" class=\"button co-filter-btn\">L\u1ecdc<\/button><\/form><table class=\"co-table\"><thead>\n                <tr>\n                    <th>Ch\u1ee7 \u0111\u1ec1<\/th>\n                    <th>T\u1ef1a \u0111\u1ec1<\/th>\n                    <th>Nh\u1ea1c<\/th>\n                    <th>T\u00e1c gi\u1ea3<\/th>\n                <\/tr>\n              <\/thead><tbody><\/tbody><\/table><\/div><div class=\"co-tab-content\" id=\"tab-1860\" style=\"display:none\"><form class=\"co-content-filters\" onsubmit=\"return false\"><div class=\"co-filter-group\"><label>Ch\u1ee7 \u0111\u1ec1<\/label><input type=\"text\" class=\"co-filter-input\" data-col=\"0\" placeholder=\"T\u00ecm ch\u1ee7 \u0111\u1ec1\"><\/div><div class=\"co-filter-group\"><label>T\u1ef1a \u0111\u1ec1<\/label><input type=\"text\" class=\"co-filter-input\" data-col=\"1\" placeholder=\"T\u00ecm t\u1ef1a \u0111\u1ec1\"><\/div><div class=\"co-filter-group\"><label>T\u00e1c gi\u1ea3<\/label><input type=\"text\" class=\"co-filter-input\" data-col=\"3\" placeholder=\"T\u00ecm t\u00e1c gi\u1ea3\"><\/div><button type=\"button\" class=\"button co-filter-btn\">L\u1ecdc<\/button><\/form><table class=\"co-table\"><thead>\n                <tr>\n                    <th>Ch\u1ee7 \u0111\u1ec1<\/th>\n                    <th>T\u1ef1a \u0111\u1ec1<\/th>\n                    <th>Nh\u1ea1c<\/th>\n                    <th>T\u00e1c gi\u1ea3<\/th>\n                <\/tr>\n              <\/thead><tbody><\/tbody><\/table><\/div><div class=\"co-tab-content\" id=\"tab-1861\" style=\"display:none\"><form class=\"co-content-filters\" onsubmit=\"return false\"><div class=\"co-filter-group\"><label>Ch\u1ee7 \u0111\u1ec1<\/label><input type=\"text\" class=\"co-filter-input\" data-col=\"0\" placeholder=\"T\u00ecm ch\u1ee7 \u0111\u1ec1\"><\/div><div class=\"co-filter-group\"><label>T\u1ef1a \u0111\u1ec1<\/label><input type=\"text\" class=\"co-filter-input\" data-col=\"1\" placeholder=\"T\u00ecm t\u1ef1a \u0111\u1ec1\"><\/div><div class=\"co-filter-group\"><label>T\u00e1c gi\u1ea3<\/label><input type=\"text\" class=\"co-filter-input\" data-col=\"3\" placeholder=\"T\u00ecm t\u00e1c gi\u1ea3\"><\/div><button type=\"button\" class=\"button co-filter-btn\">L\u1ecdc<\/button><\/form><table class=\"co-table\"><thead>\n                <tr>\n                    <th>Ch\u1ee7 \u0111\u1ec1<\/th>\n                    <th>T\u1ef1a \u0111\u1ec1<\/th>\n                    <th>Nh\u1ea1c<\/th>\n                    <th>T\u00e1c gi\u1ea3<\/th>\n                <\/tr>\n              <\/thead><tbody><\/tbody><\/table><\/div><\/div>\t\t\t\t<\/div>\n\t\t\t\t<\/div>\n\t\t\t\t\t<\/div>\n\t\t\t\t<\/div>\n\t\t\t\t<\/div>\n\t\t","protected":false},"excerpt":{"rendered":"<p>Kh\u00f4ng c\u00f3 tab n\u00e0o cho ch\u1ee7 \u0111\u1ec1 n\u00e0y.<\/p>\n","protected":false},"author":1,"featured_media":0,"parent":0,"menu_order":0,"comment_status":"closed","ping_status":"closed","template":"","meta":{"footnotes":""},"class_list":["post-1839","page","type-page","status-publish","hentry"],"post-meta":{"_edit_lock":["1751593680:1"],"_elementor_edit_mode":["builder"],"_elementor_template_type":["wp-page"],"_elementor_version":["3.30.0"],"_wp_page_template":["default"],"_elementor_data":["[{\"id\":\"98b4227\",\"elType\":\"container\",\"settings\":[],\"elements\":[{\"id\":\"614ff56\",\"elType\":\"widget\",\"settings\":{\"topic_id\":\"1835\"},\"elements\":[],\"widgetType\":\"co_content_table\"}],\"isInner\":false}]"],"_elementor_page_assets":["a:1:{s:7:\"scripts\";a:1:{i:0;s:18:\"elementor-frontend\";}}"],"_elementor_css":["a:6:{s:4:\"time\";i:1775503522;s:5:\"fonts\";a:0:{}s:5:\"icons\";a:0:{}s:20:\"dynamic_elements_ids\";a:0:{}s:6:\"status\";s:4:\"file\";i:0;s:0:\"\";}"],"_elementor_element_cache":["{\"timeout\":1777201804,\"value\":{\"content\":\"<div class=\\\"elementor-element elementor-element-98b4227 e-flex e-con-boxed e-con e-parent\\\" data-id=\\\"98b4227\\\" data-element_type=\\\"container\\\">\\n\\t\\t\\t\\t\\t<div class=\\\"e-con-inner\\\">\\n\\t\\t[elementor-element k=\\\"04583161c2ec63b40e81f8c81dee2441\\\" data=\\\"eyJpZCI6IjYxNGZmNTYiLCJlbFR5cGUiOiJ3aWRnZXQiLCJzZXR0aW5ncyI6eyJ0b3BpY19pZCI6IjE4MzUifSwiZWxlbWVudHMiOltdLCJ3aWRnZXRUeXBlIjoiY29fY29udGVudF90YWJsZSJ9\\\"]\\t\\t\\t<\\\/div>\\n\\t\\t\\t\\t<\\\/div>\\n\\t\\t\",\"scripts\":[],\"styles\":[]}}"]},"_links":{"self":[{"href":"https:\/\/giaidieumuctu.net\/index.php\/wp-json\/wp\/v2\/pages\/1839","targetHints":{"allow":["GET"]}}],"collection":[{"href":"https:\/\/giaidieumuctu.net\/index.php\/wp-json\/wp\/v2\/pages"}],"about":[{"href":"https:\/\/giaidieumuctu.net\/index.php\/wp-json\/wp\/v2\/types\/page"}],"author":[{"embeddable":true,"href":"https:\/\/giaidieumuctu.net\/index.php\/wp-json\/wp\/v2\/users\/1"}],"replies":[{"embeddable":true,"href":"https:\/\/giaidieumuctu.net\/index.php\/wp-json\/wp\/v2\/comments?post=1839"}],"version-history":[{"count":3,"href":"https:\/\/giaidieumuctu.net\/index.php\/wp-json\/wp\/v2\/pages\/1839\/revisions"}],"predecessor-version":[{"id":1842,"href":"https:\/\/giaidieumuctu.net\/index.php\/wp-json\/wp\/v2\/pages\/1839\/revisions\/1842"}],"wp:attachment":[{"href":"https:\/\/giaidieumuctu.net\/index.php\/wp-json\/wp\/v2\/media?parent=1839"}],"curies":[{"name":"wp","href":"https:\/\/api.w.org\/{rel}","templated":true}]}}