{"id":1794,"date":"2025-07-03T17:53:06","date_gmt":"2025-07-03T17:53:06","guid":{"rendered":"https:\/\/giaidieumuctu.net\/?page_id=1794"},"modified":"2025-07-03T17:53:46","modified_gmt":"2025-07-03T17:53:46","slug":"thanh-ca-tin-mung","status":"publish","type":"page","link":"https:\/\/giaidieumuctu.net\/index.php\/thanh-ca-tin-mung\/","title":{"rendered":"Th\u00e1nh Ca Tin M\u1eebng"},"content":{"rendered":"\t\t<div data-elementor-type=\"wp-page\" data-elementor-id=\"1794\" class=\"elementor elementor-1794\">\n\t\t\t\t<div class=\"elementor-element elementor-element-212648c e-flex e-con-boxed e-con e-parent\" data-id=\"212648c\" data-element_type=\"container\">\n\t\t\t\t\t<div class=\"e-con-inner\">\n\t\t\t\t<div class=\"elementor-element elementor-element-e26b273 elementor-widget elementor-widget-co_content_table\" data-id=\"e26b273\" data-element_type=\"widget\" data-widget_type=\"co_content_table.default\">\n\t\t\t\t<div class=\"elementor-widget-container\">\n\t\t\t\t\t<div class=\"co-tabs-wrapper\"><div class=\"co-tabs-nav\"><hr class=\"co-tabs-divider\"><button class=\"co-tab-btn active\" data-tab=\"1773\">N\u0103m A<\/button><button class=\"co-tab-btn \" data-tab=\"1774\">N\u0103m B<\/button><button class=\"co-tab-btn \" data-tab=\"1775\">N\u0103m C<\/button><button class=\"co-tab-btn \" data-tab=\"1776\">L\u1ec5 Ri\u00eang<\/button><\/div><div class=\"co-tab-content\" id=\"tab-1773\" style=\"display:block\"><form class=\"co-content-filters\" onsubmit=\"return false\"><div class=\"co-filter-group\"><label>Ch\u1ee7 \u0111\u1ec1<\/label><input type=\"text\" class=\"co-filter-input\" data-col=\"0\" placeholder=\"T\u00ecm ch\u1ee7 \u0111\u1ec1\"><\/div><div class=\"co-filter-group\"><label>T\u1ef1a \u0111\u1ec1<\/label><input type=\"text\" class=\"co-filter-input\" data-col=\"1\" placeholder=\"T\u00ecm t\u1ef1a \u0111\u1ec1\"><\/div><div class=\"co-filter-group\"><label>T\u00e1c gi\u1ea3<\/label><input type=\"text\" class=\"co-filter-input\" data-col=\"3\" placeholder=\"T\u00ecm t\u00e1c gi\u1ea3\"><\/div><button type=\"button\" class=\"button co-filter-btn\">L\u1ecdc<\/button><\/form><table class=\"co-table\"><thead>\n                <tr>\n                    <th>Ch\u1ee7 \u0111\u1ec1<\/th>\n                    <th>T\u1ef1a \u0111\u1ec1<\/th>\n                    <th>Nh\u1ea1c<\/th>\n                    <th>T\u00e1c gi\u1ea3<\/th>\n                <\/tr>\n              <\/thead><tbody><tr><td>CN 1 MV<\/td><td><a href=\"https:\/\/giaidieumuctu.net\/wp-content\/uploads\/2025\/07\/tinhthucsansang-thienly.pdf\" target=\"_blank\" class=\"co-link-icon\" title=\"T\u1ea3i t\u1ec7p \u0111\u00ednh k\u00e8m \ud83d\udcc4\"><span class=\"dashicons dashicons-media-document\"><\/span> T\u1ec9nh Th\u1ee9c S\u1eb5n S\u00e0ng (Mt. 24: 37-44)<\/a><\/td><td>mp4<br><a href=\"https:\/\/www.youtube.com\/watch?v=SRYF_SklQjI\" target=\"_blank\" class=\"co-link-icon\" title=\"M\u1edf YouTube \ud83c\udfb5\"><span class=\"dashicons dashicons-video-alt3\"><\/span> YouTube<\/a><br><\/td><td><\/td><\/tr><tr><td>CN 2 MV<\/td><td><a href=\"https:\/\/giaidieumuctu.net\/wp-content\/uploads\/2025\/07\/haydonduongchua-thienly.pdf\" target=\"_blank\" class=\"co-link-icon\" title=\"T\u1ea3i t\u1ec7p \u0111\u00ednh k\u00e8m \ud83d\udcc4\"><span class=\"dashicons dashicons-media-document\"><\/span> H\u00e3y D\u1ecdn \u0110\u01b0\u1eddng Ch\u00faa (Mt. 3: 1-12)<\/a><\/td><td>Mp4<br><a href=\"https:\/\/www.youtube.com\/watch?v=AwoM9sbDkrY&#038;themeRefresh=1\" target=\"_blank\" class=\"co-link-icon\" title=\"M\u1edf YouTube \ud83c\udfb5\"><span class=\"dashicons dashicons-video-alt3\"><\/span> YouTube<\/a><br><\/td><td><\/td><\/tr><\/tbody><\/table><\/div><div class=\"co-tab-content\" id=\"tab-1774\" style=\"display:none\"><form class=\"co-content-filters\" onsubmit=\"return false\"><div class=\"co-filter-group\"><label>Ch\u1ee7 \u0111\u1ec1<\/label><input type=\"text\" class=\"co-filter-input\" data-col=\"0\" placeholder=\"T\u00ecm ch\u1ee7 \u0111\u1ec1\"><\/div><div class=\"co-filter-group\"><label>T\u1ef1a \u0111\u1ec1<\/label><input type=\"text\" class=\"co-filter-input\" data-col=\"1\" placeholder=\"T\u00ecm t\u1ef1a \u0111\u1ec1\"><\/div><div class=\"co-filter-group\"><label>T\u00e1c gi\u1ea3<\/label><input type=\"text\" class=\"co-filter-input\" data-col=\"3\" placeholder=\"T\u00ecm t\u00e1c gi\u1ea3\"><\/div><button type=\"button\" class=\"button co-filter-btn\">L\u1ecdc<\/button><\/form><table class=\"co-table\"><thead>\n                <tr>\n                    <th>Ch\u1ee7 \u0111\u1ec1<\/th>\n                    <th>T\u1ef1a \u0111\u1ec1<\/th>\n                    <th>Nh\u1ea1c<\/th>\n                    <th>T\u00e1c gi\u1ea3<\/th>\n                <\/tr>\n              <\/thead><tbody><\/tbody><\/table><\/div><div class=\"co-tab-content\" id=\"tab-1775\" style=\"display:none\"><form class=\"co-content-filters\" onsubmit=\"return false\"><div class=\"co-filter-group\"><label>Ch\u1ee7 \u0111\u1ec1<\/label><input type=\"text\" class=\"co-filter-input\" data-col=\"0\" placeholder=\"T\u00ecm ch\u1ee7 \u0111\u1ec1\"><\/div><div class=\"co-filter-group\"><label>T\u1ef1a \u0111\u1ec1<\/label><input type=\"text\" class=\"co-filter-input\" data-col=\"1\" placeholder=\"T\u00ecm t\u1ef1a \u0111\u1ec1\"><\/div><div class=\"co-filter-group\"><label>T\u00e1c gi\u1ea3<\/label><input type=\"text\" class=\"co-filter-input\" data-col=\"3\" placeholder=\"T\u00ecm t\u00e1c gi\u1ea3\"><\/div><button type=\"button\" class=\"button co-filter-btn\">L\u1ecdc<\/button><\/form><table class=\"co-table\"><thead>\n                <tr>\n                    <th>Ch\u1ee7 \u0111\u1ec1<\/th>\n                    <th>T\u1ef1a \u0111\u1ec1<\/th>\n                    <th>Nh\u1ea1c<\/th>\n                    <th>T\u00e1c gi\u1ea3<\/th>\n                <\/tr>\n              <\/thead><tbody><\/tbody><\/table><\/div><div class=\"co-tab-content\" id=\"tab-1776\" style=\"display:none\"><form class=\"co-content-filters\" onsubmit=\"return false\"><div class=\"co-filter-group\"><label>Ch\u1ee7 \u0111\u1ec1<\/label><input type=\"text\" class=\"co-filter-input\" data-col=\"0\" placeholder=\"T\u00ecm ch\u1ee7 \u0111\u1ec1\"><\/div><div class=\"co-filter-group\"><label>T\u1ef1a \u0111\u1ec1<\/label><input type=\"text\" class=\"co-filter-input\" data-col=\"1\" placeholder=\"T\u00ecm t\u1ef1a \u0111\u1ec1\"><\/div><div class=\"co-filter-group\"><label>T\u00e1c gi\u1ea3<\/label><input type=\"text\" class=\"co-filter-input\" data-col=\"3\" placeholder=\"T\u00ecm t\u00e1c gi\u1ea3\"><\/div><button type=\"button\" class=\"button co-filter-btn\">L\u1ecdc<\/button><\/form><table class=\"co-table\"><thead>\n                <tr>\n                    <th>Ch\u1ee7 \u0111\u1ec1<\/th>\n                    <th>T\u1ef1a \u0111\u1ec1<\/th>\n                    <th>Nh\u1ea1c<\/th>\n                    <th>T\u00e1c gi\u1ea3<\/th>\n                <\/tr>\n              <\/thead><tbody><\/tbody><\/table><\/div><\/div>\t\t\t\t<\/div>\n\t\t\t\t<\/div>\n\t\t\t\t\t<\/div>\n\t\t\t\t<\/div>\n\t\t\t\t<\/div>\n\t\t","protected":false},"excerpt":{"rendered":"<p>N\u0103m AN\u0103m BN\u0103m CL\u1ec5 Ri\u00eang Ch\u1ee7 \u0111\u1ec1T\u1ef1a \u0111\u1ec1T\u00e1c gi\u1ea3L\u1ecdc Ch\u1ee7 \u0111\u1ec1 T\u1ef1a \u0111\u1ec1 Nh\u1ea1c T\u00e1c gi\u1ea3 CN 1 MV T\u1ec9nh&#8230;<\/p>\n","protected":false},"author":1,"featured_media":0,"parent":0,"menu_order":0,"comment_status":"closed","ping_status":"closed","template":"","meta":{"footnotes":""},"class_list":["post-1794","page","type-page","status-publish","hentry"],"post-meta":{"_edit_lock":["1751565222:1"],"_edit_last":["1"],"site-container":["default"],"site-header-transparent":["default"],"site-page-header":["default"],"site-sidebar":["default"],"_elementor_edit_mode":["builder"],"_elementor_template_type":["wp-page"],"_elementor_version":["3.30.0"],"_wp_page_template":["default"],"_elementor_data":["[{\"id\":\"212648c\",\"elType\":\"container\",\"settings\":[],\"elements\":[{\"id\":\"e26b273\",\"elType\":\"widget\",\"settings\":{\"topic_id\":\"1767\"},\"elements\":[],\"widgetType\":\"co_content_table\"}],\"isInner\":false}]"],"_elementor_page_assets":["a:1:{s:7:\"scripts\";a:1:{i:0;s:18:\"elementor-frontend\";}}"],"_elementor_css":["a:6:{s:4:\"time\";i:1775524272;s:5:\"fonts\";a:0:{}s:5:\"icons\";a:0:{}s:20:\"dynamic_elements_ids\";a:0:{}s:6:\"status\";s:4:\"file\";i:0;s:0:\"\";}"],"_elementor_element_cache":["{\"timeout\":1777163052,\"value\":{\"content\":\"<div class=\\\"elementor-element elementor-element-212648c e-flex e-con-boxed e-con e-parent\\\" data-id=\\\"212648c\\\" data-element_type=\\\"container\\\">\\n\\t\\t\\t\\t\\t<div class=\\\"e-con-inner\\\">\\n\\t\\t[elementor-element k=\\\"04583161c2ec63b40e81f8c81dee2441\\\" data=\\\"eyJpZCI6ImUyNmIyNzMiLCJlbFR5cGUiOiJ3aWRnZXQiLCJzZXR0aW5ncyI6eyJ0b3BpY19pZCI6IjE3NjcifSwiZWxlbWVudHMiOltdLCJ3aWRnZXRUeXBlIjoiY29fY29udGVudF90YWJsZSJ9\\\"]\\t\\t\\t<\\\/div>\\n\\t\\t\\t\\t<\\\/div>\\n\\t\\t\",\"scripts\":[],\"styles\":[]}}"]},"_links":{"self":[{"href":"https:\/\/giaidieumuctu.net\/index.php\/wp-json\/wp\/v2\/pages\/1794","targetHints":{"allow":["GET"]}}],"collection":[{"href":"https:\/\/giaidieumuctu.net\/index.php\/wp-json\/wp\/v2\/pages"}],"about":[{"href":"https:\/\/giaidieumuctu.net\/index.php\/wp-json\/wp\/v2\/types\/page"}],"author":[{"embeddable":true,"href":"https:\/\/giaidieumuctu.net\/index.php\/wp-json\/wp\/v2\/users\/1"}],"replies":[{"embeddable":true,"href":"https:\/\/giaidieumuctu.net\/index.php\/wp-json\/wp\/v2\/comments?post=1794"}],"version-history":[{"count":4,"href":"https:\/\/giaidieumuctu.net\/index.php\/wp-json\/wp\/v2\/pages\/1794\/revisions"}],"predecessor-version":[{"id":1798,"href":"https:\/\/giaidieumuctu.net\/index.php\/wp-json\/wp\/v2\/pages\/1794\/revisions\/1798"}],"wp:attachment":[{"href":"https:\/\/giaidieumuctu.net\/index.php\/wp-json\/wp\/v2\/media?parent=1794"}],"curies":[{"name":"wp","href":"https:\/\/api.w.org\/{rel}","templated":true}]}}