{"id":1789,"date":"2025-07-03T17:51:06","date_gmt":"2025-07-03T17:51:06","guid":{"rendered":"https:\/\/giaidieumuctu.net\/?page_id=1789"},"modified":"2025-07-03T17:52:01","modified_gmt":"2025-07-03T17:52:01","slug":"thanh-ca-phung-su","status":"publish","type":"page","link":"https:\/\/giaidieumuctu.net\/index.php\/thanh-ca-phung-su\/","title":{"rendered":"Th\u00e1nh Ca Ph\u1ee5ng S\u1ef1"},"content":{"rendered":"\t\t<div data-elementor-type=\"wp-page\" data-elementor-id=\"1789\" class=\"elementor elementor-1789\">\n\t\t\t\t<div class=\"elementor-element elementor-element-d75da88 e-flex e-con-boxed e-con e-parent\" data-id=\"d75da88\" data-element_type=\"container\">\n\t\t\t\t\t<div class=\"e-con-inner\">\n\t\t\t\t<div class=\"elementor-element elementor-element-9b82a6f elementor-widget elementor-widget-co_content_table\" data-id=\"9b82a6f\" data-element_type=\"widget\" data-widget_type=\"co_content_table.default\">\n\t\t\t\t<div class=\"elementor-widget-container\">\n\t\t\t\t\t<div class=\"co-tabs-wrapper\"><div class=\"co-tabs-nav\"><hr class=\"co-tabs-divider\"><button class=\"co-tab-btn active\" data-tab=\"1769\">Nh\u1eadp L\u1ec5<\/button><button class=\"co-tab-btn \" data-tab=\"1770\">D\u00e2ng L\u1ec5<\/button><button class=\"co-tab-btn \" data-tab=\"1771\">Hi\u1ec7p L\u1ec5<\/button><button class=\"co-tab-btn \" data-tab=\"1772\">K\u1ebft L\u1ec5<\/button><\/div><div class=\"co-tab-content\" id=\"tab-1769\" style=\"display:block\"><form class=\"co-content-filters\" onsubmit=\"return false\"><div class=\"co-filter-group\"><label>Ch\u1ee7 \u0111\u1ec1<\/label><input type=\"text\" class=\"co-filter-input\" data-col=\"0\" placeholder=\"T\u00ecm ch\u1ee7 \u0111\u1ec1\"><\/div><div class=\"co-filter-group\"><label>T\u1ef1a \u0111\u1ec1<\/label><input type=\"text\" class=\"co-filter-input\" data-col=\"1\" placeholder=\"T\u00ecm t\u1ef1a \u0111\u1ec1\"><\/div><div class=\"co-filter-group\"><label>T\u00e1c gi\u1ea3<\/label><input type=\"text\" class=\"co-filter-input\" data-col=\"3\" placeholder=\"T\u00ecm t\u00e1c gi\u1ea3\"><\/div><button type=\"button\" class=\"button co-filter-btn\">L\u1ecdc<\/button><\/form><table class=\"co-table\"><thead>\n                <tr>\n                    <th>Ch\u1ee7 \u0111\u1ec1<\/th>\n                    <th>T\u1ef1a \u0111\u1ec1<\/th>\n                    <th>Nh\u1ea1c<\/th>\n                    <th>T\u00e1c gi\u1ea3<\/th>\n                <\/tr>\n              <\/thead><tbody><tr><td>Ch\u01b0 Th\u00e1nh<\/td><td><a href=\"https:\/\/giaidieumuctu.net\/wp-content\/uploads\/2025\/07\/chanlydaminh-thienly.pdf\" target=\"_blank\" class=\"co-link-icon\" title=\"T\u1ea3i t\u1ec7p \u0111\u00ednh k\u00e8m \ud83d\udcc4\"><span class=\"dashicons dashicons-media-document\"><\/span> Ch\u00e2n L\u00fd \u0110aminh<\/a><\/td><td>Mp4<br><a href=\"https:\/\/www.youtube.com\/watch?v=Z3KW5ENxYNI\" target=\"_blank\" class=\"co-link-icon\" title=\"M\u1edf YouTube \ud83c\udfb5\"><span class=\"dashicons dashicons-video-alt3\"><\/span> YouTube<\/a><br><\/td><td><\/td><\/tr><tr><td>L\u1ec5 Th\u0103ng Thi\u00ean<\/td><td><a href=\"https:\/\/giaidieumuctu.net\/wp-content\/uploads\/2025\/07\/chuanguvetroi-thienly.pdf\" target=\"_blank\" class=\"co-link-icon\" title=\"T\u1ea3i t\u1ec7p \u0111\u00ednh k\u00e8m \ud83d\udcc4\"><span class=\"dashicons dashicons-media-document\"><\/span> Ch\u00faa Ng\u1ef1 V\u1ec1 Tr\u1eddi<\/a><\/td><td><\/td><td><\/td><\/tr><tr><td>Ch\u01b0 Th\u00e1nh<\/td><td><a href=\"https:\/\/giaidieumuctu.net\/wp-content\/uploads\/2025\/07\/cungdanhuyensieu-thienly.pdf\" target=\"_blank\" class=\"co-link-icon\" title=\"T\u1ea3i t\u1ec7p \u0111\u00ednh k\u00e8m \ud83d\udcc4\"><span class=\"dashicons dashicons-media-document\"><\/span> Cung \u0110\u00e0n Huy\u1ec1n Si\u00eau<\/a><\/td><td>Mp4<br><a href=\"https:\/\/www.youtube.com\/watch?v=mQai2SlcSfE\" target=\"_blank\" class=\"co-link-icon\" title=\"M\u1edf YouTube \ud83c\udfb5\"><span class=\"dashicons dashicons-video-alt3\"><\/span> YouTube<\/a><br><\/td><td><\/td><\/tr><\/tbody><\/table><\/div><div class=\"co-tab-content\" id=\"tab-1770\" style=\"display:none\"><form class=\"co-content-filters\" onsubmit=\"return false\"><div class=\"co-filter-group\"><label>Ch\u1ee7 \u0111\u1ec1<\/label><input type=\"text\" class=\"co-filter-input\" data-col=\"0\" placeholder=\"T\u00ecm ch\u1ee7 \u0111\u1ec1\"><\/div><div class=\"co-filter-group\"><label>T\u1ef1a \u0111\u1ec1<\/label><input type=\"text\" class=\"co-filter-input\" data-col=\"1\" placeholder=\"T\u00ecm t\u1ef1a \u0111\u1ec1\"><\/div><div class=\"co-filter-group\"><label>T\u00e1c gi\u1ea3<\/label><input type=\"text\" class=\"co-filter-input\" data-col=\"3\" placeholder=\"T\u00ecm t\u00e1c gi\u1ea3\"><\/div><button type=\"button\" class=\"button co-filter-btn\">L\u1ecdc<\/button><\/form><table class=\"co-table\"><thead>\n                <tr>\n                    <th>Ch\u1ee7 \u0111\u1ec1<\/th>\n                    <th>T\u1ef1a \u0111\u1ec1<\/th>\n                    <th>Nh\u1ea1c<\/th>\n                    <th>T\u00e1c gi\u1ea3<\/th>\n                <\/tr>\n              <\/thead><tbody><tr><td>Quanh N\u0103m<\/td><td><a href=\"https:\/\/giaidieumuctu.net\/wp-content\/uploads\/2025\/07\/conmuondangngai-thienly.pdf\" target=\"_blank\" class=\"co-link-icon\" title=\"T\u1ea3i t\u1ec7p \u0111\u00ednh k\u00e8m \ud83d\udcc4\"><span class=\"dashicons dashicons-media-document\"><\/span> Con Mu\u1ed1n D\u00e2ng Ng\u00e0i<\/a><\/td><td><\/td><td><\/td><\/tr><\/tbody><\/table><\/div><div class=\"co-tab-content\" id=\"tab-1771\" style=\"display:none\"><form class=\"co-content-filters\" onsubmit=\"return false\"><div class=\"co-filter-group\"><label>Ch\u1ee7 \u0111\u1ec1<\/label><input type=\"text\" class=\"co-filter-input\" data-col=\"0\" placeholder=\"T\u00ecm ch\u1ee7 \u0111\u1ec1\"><\/div><div class=\"co-filter-group\"><label>T\u1ef1a \u0111\u1ec1<\/label><input type=\"text\" class=\"co-filter-input\" data-col=\"1\" placeholder=\"T\u00ecm t\u1ef1a \u0111\u1ec1\"><\/div><div class=\"co-filter-group\"><label>T\u00e1c gi\u1ea3<\/label><input type=\"text\" class=\"co-filter-input\" data-col=\"3\" placeholder=\"T\u00ecm t\u00e1c gi\u1ea3\"><\/div><button type=\"button\" class=\"button co-filter-btn\">L\u1ecdc<\/button><\/form><table class=\"co-table\"><thead>\n                <tr>\n                    <th>Ch\u1ee7 \u0111\u1ec1<\/th>\n                    <th>T\u1ef1a \u0111\u1ec1<\/th>\n                    <th>Nh\u1ea1c<\/th>\n                    <th>T\u00e1c gi\u1ea3<\/th>\n                <\/tr>\n              <\/thead><tbody><\/tbody><\/table><\/div><div class=\"co-tab-content\" id=\"tab-1772\" style=\"display:none\"><form class=\"co-content-filters\" onsubmit=\"return false\"><div class=\"co-filter-group\"><label>Ch\u1ee7 \u0111\u1ec1<\/label><input type=\"text\" class=\"co-filter-input\" data-col=\"0\" placeholder=\"T\u00ecm ch\u1ee7 \u0111\u1ec1\"><\/div><div class=\"co-filter-group\"><label>T\u1ef1a \u0111\u1ec1<\/label><input type=\"text\" class=\"co-filter-input\" data-col=\"1\" placeholder=\"T\u00ecm t\u1ef1a \u0111\u1ec1\"><\/div><div class=\"co-filter-group\"><label>T\u00e1c gi\u1ea3<\/label><input type=\"text\" class=\"co-filter-input\" data-col=\"3\" placeholder=\"T\u00ecm t\u00e1c gi\u1ea3\"><\/div><button type=\"button\" class=\"button co-filter-btn\">L\u1ecdc<\/button><\/form><table class=\"co-table\"><thead>\n                <tr>\n                    <th>Ch\u1ee7 \u0111\u1ec1<\/th>\n                    <th>T\u1ef1a \u0111\u1ec1<\/th>\n                    <th>Nh\u1ea1c<\/th>\n                    <th>T\u00e1c gi\u1ea3<\/th>\n                <\/tr>\n              <\/thead><tbody><\/tbody><\/table><\/div><\/div>\t\t\t\t<\/div>\n\t\t\t\t<\/div>\n\t\t\t\t\t<\/div>\n\t\t\t\t<\/div>\n\t\t\t\t<\/div>\n\t\t","protected":false},"excerpt":{"rendered":"<p>Nh\u1eadp L\u1ec5D\u00e2ng L\u1ec5Hi\u1ec7p L\u1ec5K\u1ebft L\u1ec5 Ch\u1ee7 \u0111\u1ec1T\u1ef1a \u0111\u1ec1T\u00e1c gi\u1ea3L\u1ecdc Ch\u1ee7 \u0111\u1ec1 T\u1ef1a \u0111\u1ec1 Nh\u1ea1c T\u00e1c gi\u1ea3 Ch\u01b0 Th\u00e1nh Ch\u00e2n L\u00fd&#8230;<\/p>\n","protected":false},"author":1,"featured_media":0,"parent":0,"menu_order":0,"comment_status":"closed","ping_status":"closed","template":"","meta":{"footnotes":""},"class_list":["post-1789","page","type-page","status-publish","hentry"],"post-meta":{"_edit_lock":["1751564995:1"],"_edit_last":["1"],"site-container":["default"],"site-header-transparent":["default"],"site-page-header":["default"],"site-sidebar":["default"],"_elementor_edit_mode":["builder"],"_elementor_template_type":["wp-page"],"_elementor_version":["3.30.0"],"_wp_page_template":["default"],"_elementor_data":["[{\"id\":\"d75da88\",\"elType\":\"container\",\"settings\":[],\"elements\":[{\"id\":\"9b82a6f\",\"elType\":\"widget\",\"settings\":{\"topic_id\":\"1766\"},\"elements\":[],\"widgetType\":\"co_content_table\"}],\"isInner\":false}]"],"_elementor_page_assets":["a:1:{s:7:\"scripts\";a:1:{i:0;s:18:\"elementor-frontend\";}}"],"_elementor_css":["a:6:{s:4:\"time\";i:1775512531;s:5:\"fonts\";a:0:{}s:5:\"icons\";a:0:{}s:20:\"dynamic_elements_ids\";a:0:{}s:6:\"status\";s:4:\"file\";i:0;s:0:\"\";}"],"_elementor_element_cache":["{\"timeout\":1777201828,\"value\":{\"content\":\"<div class=\\\"elementor-element elementor-element-d75da88 e-flex e-con-boxed e-con e-parent\\\" data-id=\\\"d75da88\\\" data-element_type=\\\"container\\\">\\n\\t\\t\\t\\t\\t<div class=\\\"e-con-inner\\\">\\n\\t\\t[elementor-element k=\\\"04583161c2ec63b40e81f8c81dee2441\\\" data=\\\"eyJpZCI6IjliODJhNmYiLCJlbFR5cGUiOiJ3aWRnZXQiLCJzZXR0aW5ncyI6eyJ0b3BpY19pZCI6IjE3NjYifSwiZWxlbWVudHMiOltdLCJ3aWRnZXRUeXBlIjoiY29fY29udGVudF90YWJsZSJ9\\\"]\\t\\t\\t<\\\/div>\\n\\t\\t\\t\\t<\\\/div>\\n\\t\\t\",\"scripts\":[],\"styles\":[]}}"]},"_links":{"self":[{"href":"https:\/\/giaidieumuctu.net\/index.php\/wp-json\/wp\/v2\/pages\/1789","targetHints":{"allow":["GET"]}}],"collection":[{"href":"https:\/\/giaidieumuctu.net\/index.php\/wp-json\/wp\/v2\/pages"}],"about":[{"href":"https:\/\/giaidieumuctu.net\/index.php\/wp-json\/wp\/v2\/types\/page"}],"author":[{"embeddable":true,"href":"https:\/\/giaidieumuctu.net\/index.php\/wp-json\/wp\/v2\/users\/1"}],"replies":[{"embeddable":true,"href":"https:\/\/giaidieumuctu.net\/index.php\/wp-json\/wp\/v2\/comments?post=1789"}],"version-history":[{"count":4,"href":"https:\/\/giaidieumuctu.net\/index.php\/wp-json\/wp\/v2\/pages\/1789\/revisions"}],"predecessor-version":[{"id":1793,"href":"https:\/\/giaidieumuctu.net\/index.php\/wp-json\/wp\/v2\/pages\/1789\/revisions\/1793"}],"wp:attachment":[{"href":"https:\/\/giaidieumuctu.net\/index.php\/wp-json\/wp\/v2\/media?parent=1789"}],"curies":[{"name":"wp","href":"https:\/\/api.w.org\/{rel}","templated":true}]}}